{"id":7,"date":"2024-12-10T13:11:01","date_gmt":"2024-12-10T12:11:01","guid":{"rendered":"https:\/\/swarco.webstart.cc\/?page_id=7"},"modified":"2025-06-02T12:53:38","modified_gmt":"2025-06-02T10:53:38","slug":"imprint","status":"publish","type":"page","link":"https:\/\/www.swarco-indusferica.com\/en\/impressum\/","title":{"rendered":"Imprint"},"content":{"rendered":"<div data-elementor-type=\"wp-page\" data-elementor-id=\"7\" class=\"elementor elementor-7\" data-elementor-post-type=\"page\">\n\t\t\t\t<div class=\"elementor-element elementor-element-e9b0b46 e-flex e-con-boxed e-con e-parent\" data-id=\"e9b0b46\" data-element_type=\"container\" data-e-type=\"container\">\n\t\t\t\t\t<div class=\"e-con-inner\">\n\t\t<div class=\"elementor-element elementor-element-2718fc5 e-con-full e-flex e-con e-child\" data-id=\"2718fc5\" data-element_type=\"container\" data-e-type=\"container\">\n\t\t\t\t<div class=\"elementor-element elementor-element-0cba9b2 elementor-widget elementor-widget-spacer\" data-id=\"0cba9b2\" data-element_type=\"widget\" data-e-type=\"widget\" data-widget_type=\"spacer.default\">\n\t\t\t\t<div class=\"elementor-widget-container\">\n\t\t\t\t\t\t\t<div class=\"elementor-spacer\">\n\t\t\t<div class=\"elementor-spacer-inner\"><\/div>\n\t\t<\/div>\n\t\t\t\t\t\t<\/div>\n\t\t\t\t<\/div>\n\t\t\t\t<div class=\"elementor-element elementor-element-aa66e4c elementor-widget elementor-widget-heading\" data-id=\"aa66e4c\" data-element_type=\"widget\" data-e-type=\"widget\" data-widget_type=\"heading.default\">\n\t\t\t\t<div class=\"elementor-widget-container\">\n\t\t\t\t\t<h1 class=\"elementor-heading-title elementor-size-default\">Imprint<\/h1>\t\t\t\t<\/div>\n\t\t\t\t<\/div>\n\t\t\t\t<div class=\"elementor-element elementor-element-30f6b51 elementor-widget elementor-widget-spacer\" data-id=\"30f6b51\" data-element_type=\"widget\" data-e-type=\"widget\" data-widget_type=\"spacer.default\">\n\t\t\t\t<div class=\"elementor-widget-container\">\n\t\t\t\t\t\t\t<div class=\"elementor-spacer\">\n\t\t\t<div class=\"elementor-spacer-inner\"><\/div>\n\t\t<\/div>\n\t\t\t\t\t\t<\/div>\n\t\t\t\t<\/div>\n\t\t\t\t<\/div>\n\t\t\t\t\t<\/div>\n\t\t\t\t<\/div>\n\t\t<div class=\"elementor-element elementor-element-28f7e41 e-flex e-con-boxed e-con e-parent\" data-id=\"28f7e41\" data-element_type=\"container\" data-e-type=\"container\">\n\t\t\t\t\t<div class=\"e-con-inner\">\n\t\t\t\t<div class=\"elementor-element elementor-element-04d3da7 elementor-widget elementor-widget-text-editor\" data-id=\"04d3da7\" data-element_type=\"widget\" data-e-type=\"widget\" data-widget_type=\"text-editor.default\">\n\t\t\t\t<div class=\"elementor-widget-container\">\n\t\t\t\t\t\t\t\t\t<p><strong>SWARCO Indusferica<\/strong><\/p><p>M. Swarovski GmbH<br \/>Wipark, 14. Stra\u00dfe 11<br \/>3363 Neufurth<br \/>Austria<\/p><p>Email:\u00a0<a href=\"mailto:indusferica@swarco.com\">indusferica@swarco.com<\/a><br \/>Phone:\u00a0<a href=\"tel:+43-7472-202-0\">+43 7472 2020<\/a><\/p><p>Commercial Register No.: FN 95115 a<\/p><p>Court of Jurisdiction: St. P\u00f6lten<\/p><p>VAT Identification No.: ATU57754503<\/p><p>Managing Directors: Andreas Illich, Konstantin Niederer<\/p>\t\t\t\t\t\t\t\t<\/div>\n\t\t\t\t<\/div>\n\t\t\t\t<div class=\"elementor-element elementor-element-feef8fd elementor-widget elementor-widget-spacer\" data-id=\"feef8fd\" data-element_type=\"widget\" data-e-type=\"widget\" data-widget_type=\"spacer.default\">\n\t\t\t\t<div class=\"elementor-widget-container\">\n\t\t\t\t\t\t\t<div class=\"elementor-spacer\">\n\t\t\t<div class=\"elementor-spacer-inner\"><\/div>\n\t\t<\/div>\n\t\t\t\t\t\t<\/div>\n\t\t\t\t<\/div>\n\t\t\t\t<div class=\"elementor-element elementor-element-da59d76 elementor-widget elementor-widget-heading\" data-id=\"da59d76\" data-element_type=\"widget\" data-e-type=\"widget\" data-widget_type=\"heading.default\">\n\t\t\t\t<div class=\"elementor-widget-container\">\n\t\t\t\t\t<h2 class=\"elementor-heading-title elementor-size-default\">Disclaimer<\/h2>\t\t\t\t<\/div>\n\t\t\t\t<\/div>\n\t\t\t\t<div class=\"elementor-element elementor-element-6373544 elementor-widget elementor-widget-text-editor\" data-id=\"6373544\" data-element_type=\"widget\" data-e-type=\"widget\" data-widget_type=\"text-editor.default\">\n\t\t\t\t<div class=\"elementor-widget-container\">\n\t\t\t\t\t\t\t\t\t<h3>Contents<\/h3><p>We assume no liability for the topicality, correctness, completeness or quality of the information provided. Liability claims against the author relating to material or immaterial damage caused by the use or non-use of the information provided or by the use of incorrect or incomplete information are fundamentally excluded, unless there is evidence of wilful intent or gross negligence on the part of the author. All offers are subject to change and non-binding. The author expressly reserves the right to change, supplement or delete parts of the pages or the entire offer without prior notice or to cease publication temporarily or permanently.<\/p><h3>Copyright and rights of use<\/h3><p>Unless otherwise stated, all content such as text, images, graphics, animations, videos, sound or other materials on this website are our property or the property of our partners or we have the right to use them. All materials hosted under this domain or on this website may not be used for any other purpose without our express consent.<\/p><h3>Gender information<\/h3><p>For reasons of easier readability, no gender-specific differentiation is made. Corresponding terms apply to all genders in the interests of equal treatment.<\/p><h3>Accessibility<\/h3><p>We do our best to optimize this website in terms of accessibility. If, despite our efforts, you encounter difficulties or have suggestions for improvement, we would be pleased to receive your feedback using the contact details given above.<\/p><p><!-- notionvc: a0be53b3-48c8-43a5-9476-453b7a2c156e --><\/p>\t\t\t\t\t\t\t\t<\/div>\n\t\t\t\t<\/div>\n\t\t\t\t<div class=\"elementor-element elementor-element-4b72775 elementor-widget elementor-widget-spacer\" data-id=\"4b72775\" data-element_type=\"widget\" data-e-type=\"widget\" data-widget_type=\"spacer.default\">\n\t\t\t\t<div class=\"elementor-widget-container\">\n\t\t\t\t\t\t\t<div class=\"elementor-spacer\">\n\t\t\t<div class=\"elementor-spacer-inner\"><\/div>\n\t\t<\/div>\n\t\t\t\t\t\t<\/div>\n\t\t\t\t<\/div>\n\t\t\t\t\t<\/div>\n\t\t\t\t<\/div>\n\t\t\t\t<\/div>","protected":false},"excerpt":{"rendered":"<p>Impressum SWARCO Indusferica M. Swarovski GmbHWipark, 14. Stra\u00dfe 113363 Neufurth\u00d6sterreich E-Mail:\u00a0indusferica@swarco.comTelefon:\u00a0+43 7472 2020 Handelsregister-Nr.:\u00a0FN 95115 a Gerichtsstand:\u00a0St. P\u00f6lten UID-Nr: ATU57754503 Gesch\u00e4ftsf\u00fchrer:\u00a0Andreas Illich, Konstantin Niederer Haftungsausschluss Inhalte Wir \u00fcbernehmen keinerlei Gew\u00e4hr f\u00fcr die Aktualit\u00e4t, Korrektheit, Vollst\u00e4ndigkeit oder Qualit\u00e4t der bereitgestellten Informationen. Haftungsanspr\u00fcche gegen den Autor, welche sich auf Sch\u00e4den materieller oder ideeller Art beziehen, die durch [&hellip;]<\/p>\n","protected":false},"author":1,"featured_media":0,"parent":0,"menu_order":14,"comment_status":"closed","ping_status":"closed","template":"","meta":{"_acf_changed":false,"footnotes":""},"class_list":["post-7","page","type-page","status-publish","hentry"],"acf":[],"yoast_head":"<!-- This site is optimized with the Yoast SEO plugin v27.4 - https:\/\/yoast.com\/product\/yoast-seo-wordpress\/ -->\n<title>Impressum - SWARCO<\/title>\n<meta name=\"robots\" content=\"noindex, nofollow\" \/>\n<meta property=\"og:locale\" content=\"en_GB\" \/>\n<meta property=\"og:type\" content=\"article\" \/>\n<meta property=\"og:title\" content=\"Impressum - SWARCO\" \/>\n<meta property=\"og:description\" content=\"Impressum SWARCO Indusferica M. Swarovski GmbHWipark, 14. Stra\u00dfe 113363 Neufurth\u00d6sterreich E-Mail:\u00a0indusferica@swarco.comTelefon:\u00a0+43 7472 2020 Handelsregister-Nr.:\u00a0FN 95115 a Gerichtsstand:\u00a0St. P\u00f6lten UID-Nr: ATU57754503 Gesch\u00e4ftsf\u00fchrer:\u00a0Andreas Illich, Konstantin Niederer Haftungsausschluss Inhalte Wir \u00fcbernehmen keinerlei Gew\u00e4hr f\u00fcr die Aktualit\u00e4t, Korrektheit, Vollst\u00e4ndigkeit oder Qualit\u00e4t der bereitgestellten Informationen. Haftungsanspr\u00fcche gegen den Autor, welche sich auf Sch\u00e4den materieller oder ideeller Art beziehen, die durch [&hellip;]\" \/>\n<meta property=\"og:url\" content=\"https:\/\/www.swarco-indusferica.com\/en\/imprint\/\" \/>\n<meta property=\"og:site_name\" content=\"SWARCO\" \/>\n<meta property=\"article:modified_time\" content=\"2025-06-02T10:53:38+00:00\" \/>\n<meta name=\"twitter:card\" content=\"summary_large_image\" \/>\n<meta name=\"twitter:label1\" content=\"Estimated reading time\" \/>\n\t<meta name=\"twitter:data1\" content=\"2 minutes\" \/>\n<script type=\"application\/ld+json\" class=\"yoast-schema-graph\">{\"@context\":\"https:\\\/\\\/schema.org\",\"@graph\":[{\"@type\":\"WebPage\",\"@id\":\"https:\\\/\\\/www.swarco-indusferica.com\\\/impressum\\\/\",\"url\":\"https:\\\/\\\/www.swarco-indusferica.com\\\/impressum\\\/\",\"name\":\"Impressum - SWARCO\",\"isPartOf\":{\"@id\":\"https:\\\/\\\/www.swarco-indusferica.com\\\/#website\"},\"datePublished\":\"2024-12-10T12:11:01+00:00\",\"dateModified\":\"2025-06-02T10:53:38+00:00\",\"breadcrumb\":{\"@id\":\"https:\\\/\\\/www.swarco-indusferica.com\\\/impressum\\\/#breadcrumb\"},\"inLanguage\":\"en-GB\",\"potentialAction\":[{\"@type\":\"ReadAction\",\"target\":[\"https:\\\/\\\/www.swarco-indusferica.com\\\/impressum\\\/\"]}]},{\"@type\":\"BreadcrumbList\",\"@id\":\"https:\\\/\\\/www.swarco-indusferica.com\\\/impressum\\\/#breadcrumb\",\"itemListElement\":[{\"@type\":\"ListItem\",\"position\":1,\"name\":\"Startseite\",\"item\":\"https:\\\/\\\/www.swarco-indusferica.com\\\/\"},{\"@type\":\"ListItem\",\"position\":2,\"name\":\"Impressum\"}]},{\"@type\":\"WebSite\",\"@id\":\"https:\\\/\\\/www.swarco-indusferica.com\\\/#website\",\"url\":\"https:\\\/\\\/www.swarco-indusferica.com\\\/\",\"name\":\"SWARCO\",\"description\":\"\",\"potentialAction\":[{\"@type\":\"SearchAction\",\"target\":{\"@type\":\"EntryPoint\",\"urlTemplate\":\"https:\\\/\\\/www.swarco-indusferica.com\\\/?s={search_term_string}\"},\"query-input\":{\"@type\":\"PropertyValueSpecification\",\"valueRequired\":true,\"valueName\":\"search_term_string\"}}],\"inLanguage\":\"en-GB\"}]}<\/script>\n<!-- \/ Yoast SEO plugin. -->","yoast_head_json":{"title":"Imprint - SWARCO","robots":{"index":"noindex","follow":"nofollow"},"og_locale":"en_GB","og_type":"article","og_title":"Impressum - SWARCO","og_description":"Impressum SWARCO Indusferica M. Swarovski GmbHWipark, 14. Stra\u00dfe 113363 Neufurth\u00d6sterreich E-Mail:\u00a0indusferica@swarco.comTelefon:\u00a0+43 7472 2020 Handelsregister-Nr.:\u00a0FN 95115 a Gerichtsstand:\u00a0St. P\u00f6lten UID-Nr: ATU57754503 Gesch\u00e4ftsf\u00fchrer:\u00a0Andreas Illich, Konstantin Niederer Haftungsausschluss Inhalte Wir \u00fcbernehmen keinerlei Gew\u00e4hr f\u00fcr die Aktualit\u00e4t, Korrektheit, Vollst\u00e4ndigkeit oder Qualit\u00e4t der bereitgestellten Informationen. Haftungsanspr\u00fcche gegen den Autor, welche sich auf Sch\u00e4den materieller oder ideeller Art beziehen, die durch [&hellip;]","og_url":"https:\/\/www.swarco-indusferica.com\/en\/imprint\/","og_site_name":"SWARCO","article_modified_time":"2025-06-02T10:53:38+00:00","twitter_card":"summary_large_image","twitter_misc":{"Estimated reading time":"2 minutes"},"schema":{"@context":"https:\/\/schema.org","@graph":[{"@type":"WebPage","@id":"https:\/\/www.swarco-indusferica.com\/impressum\/","url":"https:\/\/www.swarco-indusferica.com\/impressum\/","name":"Imprint - SWARCO","isPartOf":{"@id":"https:\/\/www.swarco-indusferica.com\/#website"},"datePublished":"2024-12-10T12:11:01+00:00","dateModified":"2025-06-02T10:53:38+00:00","breadcrumb":{"@id":"https:\/\/www.swarco-indusferica.com\/impressum\/#breadcrumb"},"inLanguage":"en-GB","potentialAction":[{"@type":"ReadAction","target":["https:\/\/www.swarco-indusferica.com\/impressum\/"]}]},{"@type":"BreadcrumbList","@id":"https:\/\/www.swarco-indusferica.com\/impressum\/#breadcrumb","itemListElement":[{"@type":"ListItem","position":1,"name":"Startseite","item":"https:\/\/www.swarco-indusferica.com\/"},{"@type":"ListItem","position":2,"name":"Impressum"}]},{"@type":"WebSite","@id":"https:\/\/www.swarco-indusferica.com\/#website","url":"https:\/\/www.swarco-indusferica.com\/","name":"SWARCO","description":"","potentialAction":[{"@type":"SearchAction","target":{"@type":"EntryPoint","urlTemplate":"https:\/\/www.swarco-indusferica.com\/?s={search_term_string}"},"query-input":{"@type":"PropertyValueSpecification","valueRequired":true,"valueName":"search_term_string"}}],"inLanguage":"en-GB"}]}},"_links":{"self":[{"href":"https:\/\/www.swarco-indusferica.com\/en\/wp-json\/wp\/v2\/pages\/7","targetHints":{"allow":["GET"]}}],"collection":[{"href":"https:\/\/www.swarco-indusferica.com\/en\/wp-json\/wp\/v2\/pages"}],"about":[{"href":"https:\/\/www.swarco-indusferica.com\/en\/wp-json\/wp\/v2\/types\/page"}],"author":[{"embeddable":true,"href":"https:\/\/www.swarco-indusferica.com\/en\/wp-json\/wp\/v2\/users\/1"}],"replies":[{"embeddable":true,"href":"https:\/\/www.swarco-indusferica.com\/en\/wp-json\/wp\/v2\/comments?post=7"}],"version-history":[{"count":10,"href":"https:\/\/www.swarco-indusferica.com\/en\/wp-json\/wp\/v2\/pages\/7\/revisions"}],"predecessor-version":[{"id":4818,"href":"https:\/\/www.swarco-indusferica.com\/en\/wp-json\/wp\/v2\/pages\/7\/revisions\/4818"}],"wp:attachment":[{"href":"https:\/\/www.swarco-indusferica.com\/en\/wp-json\/wp\/v2\/media?parent=7"}],"curies":[{"name":"wp","href":"https:\/\/api.w.org\/{rel}","templated":true}]}}